{"id":1118,"date":"2018-09-26T13:42:06","date_gmt":"2018-09-26T13:42:06","guid":{"rendered":"https:\/\/www.fabernel.com\/contact\/?page_id=1118"},"modified":"2018-10-08T17:08:32","modified_gmt":"2018-10-08T17:08:32","slug":"demande-audit-digital","status":"publish","type":"page","link":"https:\/\/www.fabernel.com\/contact\/demande-audit-digital\/","title":{"rendered":"Demande d&#8217;Audit Digital"},"content":{"rendered":"\t\t<div data-elementor-type=\"wp-post\" data-elementor-id=\"1118\" class=\"elementor elementor-1118 elementor-bc-flex-widget\">\n\t\t\t\t\t\t<section class=\"elementor-section elementor-top-section elementor-element elementor-element-15d93259 elementor-section-full_width elementor-section-height-min-height elementor-section-height-default elementor-section-items-middle\" data-id=\"15d93259\" data-element_type=\"section\" data-settings=\"{&quot;background_background&quot;:&quot;classic&quot;}\">\n\t\t\t\t\t\t\t<div class=\"elementor-background-overlay\"><\/div>\n\t\t\t\t\t\t\t<div class=\"elementor-container elementor-column-gap-no\">\n\t\t\t\t\t<div class=\"elementor-column elementor-col-100 elementor-top-column elementor-element elementor-element-73de865c\" data-id=\"73de865c\" data-element_type=\"column\">\n\t\t\t<div class=\"elementor-widget-wrap elementor-element-populated\">\n\t\t\t\t\t\t<div class=\"elementor-element elementor-element-654a440e elementor-widget elementor-widget-spacer\" data-id=\"654a440e\" data-element_type=\"widget\" data-widget_type=\"spacer.default\">\n\t\t\t\t<div class=\"elementor-widget-container\">\n\t\t\t\t\t\t\t<div class=\"elementor-spacer\">\n\t\t\t<div class=\"elementor-spacer-inner\"><\/div>\n\t\t<\/div>\n\t\t\t\t\t\t<\/div>\n\t\t\t\t<\/div>\n\t\t\t\t\t<\/div>\n\t\t<\/div>\n\t\t\t\t\t<\/div>\n\t\t<\/section>\n\t\t\t\t<section class=\"elementor-section elementor-top-section elementor-element elementor-element-31967c67 elementor-section-height-min-height elementor-section-boxed elementor-section-height-default elementor-section-items-middle\" data-id=\"31967c67\" data-element_type=\"section\" data-settings=\"{&quot;background_background&quot;:&quot;classic&quot;}\">\n\t\t\t\t\t\t\t<div class=\"elementor-background-overlay\"><\/div>\n\t\t\t\t\t\t\t<div class=\"elementor-container elementor-column-gap-default\">\n\t\t\t\t\t<div class=\"elementor-column elementor-col-100 elementor-top-column elementor-element elementor-element-9f936ae\" data-id=\"9f936ae\" data-element_type=\"column\">\n\t\t\t<div class=\"elementor-widget-wrap\">\n\t\t\t\t\t\t\t<\/div>\n\t\t<\/div>\n\t\t\t\t<div class=\"elementor-column elementor-col-100 elementor-top-column elementor-element elementor-element-6b399424\" data-id=\"6b399424\" data-element_type=\"column\">\n\t\t\t<div class=\"elementor-widget-wrap elementor-element-populated\">\n\t\t\t\t\t\t<div class=\"elementor-element elementor-element-7be551bc elementor-widget elementor-widget-spacer\" data-id=\"7be551bc\" data-element_type=\"widget\" data-widget_type=\"spacer.default\">\n\t\t\t\t<div class=\"elementor-widget-container\">\n\t\t\t\t\t\t\t<div class=\"elementor-spacer\">\n\t\t\t<div class=\"elementor-spacer-inner\"><\/div>\n\t\t<\/div>\n\t\t\t\t\t\t<\/div>\n\t\t\t\t<\/div>\n\t\t\t\t<div class=\"elementor-element elementor-element-68d28c4c elementor-widget elementor-widget-image\" data-id=\"68d28c4c\" data-element_type=\"widget\" data-widget_type=\"image.default\">\n\t\t\t\t<div class=\"elementor-widget-container\">\n\t\t\t\t\t\t\t\t\t\t\t\t\t\t\t<img fetchpriority=\"high\" decoding=\"async\" width=\"1024\" height=\"214\" src=\"https:\/\/www.fabernel.com\/contact\/wp-content\/uploads\/sites\/2\/2018\/09\/fabernel-logo-1024x214.png\" class=\"attachment-large size-large wp-image-1104\" alt=\"Fabernel logo\" srcset=\"https:\/\/www.fabernel.com\/contact\/wp-content\/uploads\/sites\/2\/2018\/09\/fabernel-logo-1024x214.png 1024w, https:\/\/www.fabernel.com\/contact\/wp-content\/uploads\/sites\/2\/2018\/09\/fabernel-logo-300x63.png 300w, https:\/\/www.fabernel.com\/contact\/wp-content\/uploads\/sites\/2\/2018\/09\/fabernel-logo-768x161.png 768w\" sizes=\"(max-width: 1024px) 100vw, 1024px\" \/>\t\t\t\t\t\t\t\t\t\t\t\t\t\t\t<\/div>\n\t\t\t\t<\/div>\n\t\t\t\t<div class=\"elementor-element elementor-element-bd08d59 elementor-widget elementor-widget-spacer\" data-id=\"bd08d59\" data-element_type=\"widget\" data-widget_type=\"spacer.default\">\n\t\t\t\t<div class=\"elementor-widget-container\">\n\t\t\t\t\t\t\t<div class=\"elementor-spacer\">\n\t\t\t<div class=\"elementor-spacer-inner\"><\/div>\n\t\t<\/div>\n\t\t\t\t\t\t<\/div>\n\t\t\t\t<\/div>\n\t\t\t\t<div class=\"elementor-element elementor-element-19bdcc1b elementor-widget elementor-widget-heading\" data-id=\"19bdcc1b\" data-element_type=\"widget\" data-widget_type=\"heading.default\">\n\t\t\t\t<div class=\"elementor-widget-container\">\n\t\t\t\t\t<h2 class=\"elementor-heading-title elementor-size-default\">Votre demande d'audit digital<\/h2>\t\t\t\t<\/div>\n\t\t\t\t<\/div>\n\t\t\t\t<div class=\"elementor-element elementor-element-1aa86b5 elementor-widget elementor-widget-spacer\" data-id=\"1aa86b5\" data-element_type=\"widget\" data-widget_type=\"spacer.default\">\n\t\t\t\t<div class=\"elementor-widget-container\">\n\t\t\t\t\t\t\t<div class=\"elementor-spacer\">\n\t\t\t<div class=\"elementor-spacer-inner\"><\/div>\n\t\t<\/div>\n\t\t\t\t\t\t<\/div>\n\t\t\t\t<\/div>\n\t\t\t\t\t<\/div>\n\t\t<\/div>\n\t\t\t\t<div class=\"elementor-column elementor-col-100 elementor-top-column elementor-element elementor-element-2904dc\" data-id=\"2904dc\" data-element_type=\"column\">\n\t\t\t<div class=\"elementor-widget-wrap\">\n\t\t\t\t\t\t\t<\/div>\n\t\t<\/div>\n\t\t\t\t\t<\/div>\n\t\t<\/section>\n\t\t\t\t<section class=\"elementor-section elementor-top-section elementor-element elementor-element-353fbcb0 elementor-section-boxed elementor-section-height-default elementor-section-height-default\" data-id=\"353fbcb0\" data-element_type=\"section\">\n\t\t\t\t\t\t<div class=\"elementor-container elementor-column-gap-default\">\n\t\t\t\t\t<div class=\"elementor-column elementor-col-100 elementor-top-column elementor-element elementor-element-59777d3d\" data-id=\"59777d3d\" data-element_type=\"column\">\n\t\t\t<div class=\"elementor-widget-wrap elementor-element-populated\">\n\t\t\t\t\t\t<section class=\"elementor-section elementor-inner-section elementor-element elementor-element-180afae elementor-section-boxed elementor-section-height-default elementor-section-height-default\" data-id=\"180afae\" data-element_type=\"section\">\n\t\t\t\t\t\t<div class=\"elementor-container elementor-column-gap-default\">\n\t\t\t\t\t<div class=\"elementor-column elementor-col-16 elementor-inner-column elementor-element elementor-element-bd30ff2\" data-id=\"bd30ff2\" data-element_type=\"column\">\n\t\t\t<div class=\"elementor-widget-wrap\">\n\t\t\t\t\t\t\t<\/div>\n\t\t<\/div>\n\t\t\t\t<div class=\"elementor-column elementor-col-66 elementor-inner-column elementor-element elementor-element-4b154919\" data-id=\"4b154919\" data-element_type=\"column\">\n\t\t\t<div class=\"elementor-widget-wrap elementor-element-populated\">\n\t\t\t\t\t\t<div class=\"elementor-element elementor-element-544aecaf elementor-widget elementor-widget-shortcode\" data-id=\"544aecaf\" data-element_type=\"widget\" data-widget_type=\"shortcode.default\">\n\t\t\t\t<div class=\"elementor-widget-container\">\n\t\t\t\t\t\t\t<div class=\"elementor-shortcode\">\n<div class=\"wpcf7 no-js\" id=\"wpcf7-f949-o1\" lang=\"en-US\" dir=\"ltr\" data-wpcf7-id=\"949\">\n<div class=\"screen-reader-response\"><p role=\"status\" aria-live=\"polite\" aria-atomic=\"true\"><\/p> <ul><\/ul><\/div>\n<form action=\"\/contact\/wp-json\/wp\/v2\/pages\/1118#wpcf7-f949-o1\" method=\"post\" class=\"wpcf7-form init\" aria-label=\"Contact form\" novalidate=\"novalidate\" data-status=\"init\">\n<div style=\"display: none;\">\n<input type=\"hidden\" name=\"_wpcf7\" value=\"949\" \/>\n<input type=\"hidden\" name=\"_wpcf7_version\" value=\"6.0.3\" \/>\n<input type=\"hidden\" name=\"_wpcf7_locale\" value=\"en_US\" \/>\n<input type=\"hidden\" name=\"_wpcf7_unit_tag\" value=\"wpcf7-f949-o1\" \/>\n<input type=\"hidden\" name=\"_wpcf7_container_post\" value=\"0\" \/>\n<input type=\"hidden\" name=\"_wpcf7_posted_data_hash\" value=\"\" \/>\n<input type=\"hidden\" name=\"_wpcf7_recaptcha_response\" value=\"\" \/>\n<\/div>\n<p><label>Nom (requis)<br \/>\n<span class=\"wpcf7-form-control-wrap\" data-name=\"lastname\"><input size=\"40\" maxlength=\"400\" class=\"wpcf7-form-control wpcf7-text wpcf7-validates-as-required\" aria-required=\"true\" aria-invalid=\"false\" value=\"\" type=\"text\" name=\"lastname\" \/><\/span> <\/label>\n<\/p>\n<p><label>Pr\u00e9nom (requis)<br \/>\n<span class=\"wpcf7-form-control-wrap\" data-name=\"firstname\"><input size=\"40\" maxlength=\"400\" class=\"wpcf7-form-control wpcf7-text wpcf7-validates-as-required\" aria-required=\"true\" aria-invalid=\"false\" value=\"\" type=\"text\" name=\"firstname\" \/><\/span> <\/label>\n<\/p>\n<p><label> Email (requis)<br \/>\n<span class=\"wpcf7-form-control-wrap\" data-name=\"email\"><input size=\"40\" maxlength=\"400\" class=\"wpcf7-form-control wpcf7-email wpcf7-validates-as-required wpcf7-text wpcf7-validates-as-email\" aria-required=\"true\" aria-invalid=\"false\" value=\"\" type=\"email\" name=\"email\" \/><\/span> <\/label>\n<\/p>\n<p><label> T\u00e9l\u00e9phone (requis)<br \/>\n<span class=\"wpcf7-form-control-wrap\" data-name=\"phone\"><input size=\"40\" maxlength=\"400\" class=\"wpcf7-form-control wpcf7-tel wpcf7-validates-as-required wpcf7-text wpcf7-validates-as-tel\" aria-required=\"true\" aria-invalid=\"false\" value=\"\" type=\"tel\" name=\"phone\" \/><\/span> <\/label>\n<\/p>\n<p><label> Position \/ R\u00f4le (requis)<br \/>\n<span class=\"wpcf7-form-control-wrap\" data-name=\"position\"><input size=\"40\" maxlength=\"400\" class=\"wpcf7-form-control wpcf7-text wpcf7-validates-as-required\" aria-required=\"true\" aria-invalid=\"false\" value=\"\" type=\"text\" name=\"position\" \/><\/span> <\/label>\n<\/p>\n<p><label> Entreprise (requis)<br \/>\n<span class=\"wpcf7-form-control-wrap\" data-name=\"company\"><input size=\"40\" maxlength=\"400\" class=\"wpcf7-form-control wpcf7-text wpcf7-validates-as-required\" aria-required=\"true\" aria-invalid=\"false\" value=\"\" type=\"text\" name=\"company\" \/><\/span> <\/label>\n<\/p>\n<p><label> Vous souhaitez auditer votre funnel, pourriez-vous d\u00e9crire en quelques mots votre d\u00e9marche ainsi que vos attentes ?<br \/>\n<span class=\"wpcf7-form-control-wrap\" data-name=\"message\"><textarea cols=\"40\" rows=\"10\" maxlength=\"2000\" class=\"wpcf7-form-control wpcf7-textarea\" aria-invalid=\"false\" name=\"message\"><\/textarea><\/span> <\/label>\n<\/p>\n<input class=\"wpcf7-form-control wpcf7-hidden\" value=\"\" type=\"hidden\" name=\"referer-page\" \/>\n\n<p><input class=\"wpcf7-form-control wpcf7-submit has-spinner\" type=\"submit\" value=\"Envoyer\" \/>\n<\/p><div class=\"wpcf7-response-output\" aria-hidden=\"true\"><\/div>\n<\/form>\n<\/div>\n<\/div>\n\t\t\t\t\t\t<\/div>\n\t\t\t\t<\/div>\n\t\t\t\t\t<\/div>\n\t\t<\/div>\n\t\t\t\t<div class=\"elementor-column elementor-col-16 elementor-inner-column elementor-element elementor-element-6aca778a\" data-id=\"6aca778a\" data-element_type=\"column\">\n\t\t\t<div class=\"elementor-widget-wrap\">\n\t\t\t\t\t\t\t<\/div>\n\t\t<\/div>\n\t\t\t\t\t<\/div>\n\t\t<\/section>\n\t\t\t\t\t<\/div>\n\t\t<\/div>\n\t\t\t\t\t<\/div>\n\t\t<\/section>\n\t\t\t\t<\/div>\n\t\t","protected":false},"excerpt":{"rendered":"<p>Votre demande d&#8217;audit digital<\/p>\n","protected":false},"author":1,"featured_media":0,"parent":0,"menu_order":0,"comment_status":"closed","ping_status":"closed","template":"","meta":{"site-sidebar-layout":"no-sidebar","site-content-layout":"page-builder","ast-site-content-layout":"","site-content-style":"default","site-sidebar-style":"default","ast-global-header-display":"","ast-banner-title-visibility":"","ast-main-header-display":"","ast-hfb-above-header-display":"","ast-hfb-below-header-display":"","ast-hfb-mobile-header-display":"","site-post-title":"disabled","ast-breadcrumbs-content":"","ast-featured-img":"disabled","footer-sml-layout":"","theme-transparent-header-meta":"","adv-header-id-meta":"","stick-header-meta":"","header-above-stick-meta":"","header-main-stick-meta":"","header-below-stick-meta":"","astra-migrate-meta-layouts":"default","ast-page-background-enabled":"default","ast-page-background-meta":{"desktop":{"background-color":"var(--ast-global-color-4)","background-image":"","background-repeat":"repeat","background-position":"center center","background-size":"auto","background-attachment":"scroll","background-type":"","background-media":"","overlay-type":"","overlay-color":"","overlay-opacity":"","overlay-gradient":""},"tablet":{"background-color":"","background-image":"","background-repeat":"repeat","background-position":"center center","background-size":"auto","background-attachment":"scroll","background-type":"","background-media":"","overlay-type":"","overlay-color":"","overlay-opacity":"","overlay-gradient":""},"mobile":{"background-color":"","background-image":"","background-repeat":"repeat","background-position":"center center","background-size":"auto","background-attachment":"scroll","background-type":"","background-media":"","overlay-type":"","overlay-color":"","overlay-opacity":"","overlay-gradient":""}},"ast-content-background-meta":{"desktop":{"background-color":"var(--ast-global-color-5)","background-image":"","background-repeat":"repeat","background-position":"center center","background-size":"auto","background-attachment":"scroll","background-type":"","background-media":"","overlay-type":"","overlay-color":"","overlay-opacity":"","overlay-gradient":""},"tablet":{"background-color":"var(--ast-global-color-5)","background-image":"","background-repeat":"repeat","background-position":"center center","background-size":"auto","background-attachment":"scroll","background-type":"","background-media":"","overlay-type":"","overlay-color":"","overlay-opacity":"","overlay-gradient":""},"mobile":{"background-color":"var(--ast-global-color-5)","background-image":"","background-repeat":"repeat","background-position":"center center","background-size":"auto","background-attachment":"scroll","background-type":"","background-media":"","overlay-type":"","overlay-color":"","overlay-opacity":"","overlay-gradient":""}},"footnotes":""},"class_list":["post-1118","page","type-page","status-publish","hentry"],"yoast_head":"<!-- This site is optimized with the Yoast SEO plugin v24.3 - https:\/\/yoast.com\/wordpress\/plugins\/seo\/ -->\n<title>Demande d&#039;Audit Digital | Fabernel<\/title>\n<meta name=\"description\" content=\"Demandez votre audit digital gratuit. Nous \u00e9valuons votre degr\u00e9 de maturit\u00e9 digitale et vous proposons des solutions pour vos d\u00e9fis marketing.\" \/>\n<meta name=\"robots\" content=\"index, follow, max-snippet:-1, max-image-preview:large, max-video-preview:-1\" \/>\n<link rel=\"canonical\" href=\"https:\/\/www.fabernel.com\/contact\/demande-audit-digital\/\" \/>\n<meta property=\"og:locale\" content=\"en_US\" \/>\n<meta property=\"og:type\" content=\"article\" \/>\n<meta property=\"og:title\" content=\"Demande d&#039;Audit Digital | Fabernel\" \/>\n<meta property=\"og:description\" content=\"Demandez votre audit digital gratuit. Nous \u00e9valuons votre degr\u00e9 de maturit\u00e9 digitale et vous proposons des solutions pour vos d\u00e9fis marketing.\" \/>\n<meta property=\"og:url\" content=\"https:\/\/www.fabernel.com\/contact\/demande-audit-digital\/\" \/>\n<meta property=\"og:site_name\" content=\"Fabernel Contact\" \/>\n<meta property=\"article:modified_time\" content=\"2018-10-08T17:08:32+00:00\" \/>\n<meta property=\"og:image\" content=\"https:\/\/www.fabernel.com\/contact\/wp-content\/uploads\/sites\/2\/2018\/09\/fabernel-logo-1024x214.png\" \/>\n<meta name=\"twitter:card\" content=\"summary_large_image\" \/>\n<script type=\"application\/ld+json\" class=\"yoast-schema-graph\">{\"@context\":\"https:\/\/schema.org\",\"@graph\":[{\"@type\":\"WebPage\",\"@id\":\"https:\/\/www.fabernel.com\/contact\/demande-audit-digital\/\",\"url\":\"https:\/\/www.fabernel.com\/contact\/demande-audit-digital\/\",\"name\":\"Demande d'Audit Digital | Fabernel\",\"isPartOf\":{\"@id\":\"https:\/\/www.fabernel.com\/contact\/#website\"},\"primaryImageOfPage\":{\"@id\":\"https:\/\/www.fabernel.com\/contact\/demande-audit-digital\/#primaryimage\"},\"image\":{\"@id\":\"https:\/\/www.fabernel.com\/contact\/demande-audit-digital\/#primaryimage\"},\"thumbnailUrl\":\"https:\/\/www.fabernel.com\/contact\/wp-content\/uploads\/sites\/2\/2018\/09\/fabernel-logo-1024x214.png\",\"datePublished\":\"2018-09-26T13:42:06+00:00\",\"dateModified\":\"2018-10-08T17:08:32+00:00\",\"description\":\"Demandez votre audit digital gratuit. Nous \u00e9valuons votre degr\u00e9 de maturit\u00e9 digitale et vous proposons des solutions pour vos d\u00e9fis marketing.\",\"breadcrumb\":{\"@id\":\"https:\/\/www.fabernel.com\/contact\/demande-audit-digital\/#breadcrumb\"},\"inLanguage\":\"en-US\",\"potentialAction\":[{\"@type\":\"ReadAction\",\"target\":[\"https:\/\/www.fabernel.com\/contact\/demande-audit-digital\/\"]}]},{\"@type\":\"ImageObject\",\"inLanguage\":\"en-US\",\"@id\":\"https:\/\/www.fabernel.com\/contact\/demande-audit-digital\/#primaryimage\",\"url\":\"https:\/\/www.fabernel.com\/contact\/wp-content\/uploads\/sites\/2\/2018\/09\/fabernel-logo.png\",\"contentUrl\":\"https:\/\/www.fabernel.com\/contact\/wp-content\/uploads\/sites\/2\/2018\/09\/fabernel-logo.png\",\"width\":3152,\"height\":660,\"caption\":\"Fabernel logo\"},{\"@type\":\"BreadcrumbList\",\"@id\":\"https:\/\/www.fabernel.com\/contact\/demande-audit-digital\/#breadcrumb\",\"itemListElement\":[{\"@type\":\"ListItem\",\"position\":1,\"name\":\"Home\",\"item\":\"https:\/\/www.fabernel.com\/contact\/\"},{\"@type\":\"ListItem\",\"position\":2,\"name\":\"Demande d&rsquo;Audit Digital\"}]},{\"@type\":\"WebSite\",\"@id\":\"https:\/\/www.fabernel.com\/contact\/#website\",\"url\":\"https:\/\/www.fabernel.com\/contact\/\",\"name\":\"Fabernel Contact\",\"description\":\"Architectes du Funnel - Sp\u00e9cialistes Marketing Digital B2B\",\"publisher\":{\"@id\":\"https:\/\/www.fabernel.com\/contact\/#organization\"},\"potentialAction\":[{\"@type\":\"SearchAction\",\"target\":{\"@type\":\"EntryPoint\",\"urlTemplate\":\"https:\/\/www.fabernel.com\/contact\/?s={search_term_string}\"},\"query-input\":{\"@type\":\"PropertyValueSpecification\",\"valueRequired\":true,\"valueName\":\"search_term_string\"}}],\"inLanguage\":\"en-US\"},{\"@type\":\"Organization\",\"@id\":\"https:\/\/www.fabernel.com\/contact\/#organization\",\"name\":\"Fabernel\",\"url\":\"https:\/\/www.fabernel.com\/contact\/\",\"logo\":{\"@type\":\"ImageObject\",\"inLanguage\":\"en-US\",\"@id\":\"https:\/\/www.fabernel.com\/contact\/#\/schema\/logo\/image\/\",\"url\":\"https:\/\/www.fabernel.com\/contact\/wp-content\/uploads\/sites\/2\/2018\/09\/fabernel-logo.png\",\"contentUrl\":\"https:\/\/www.fabernel.com\/contact\/wp-content\/uploads\/sites\/2\/2018\/09\/fabernel-logo.png\",\"width\":3152,\"height\":660,\"caption\":\"Fabernel\"},\"image\":{\"@id\":\"https:\/\/www.fabernel.com\/contact\/#\/schema\/logo\/image\/\"}}]}<\/script>\n<!-- \/ Yoast SEO plugin. -->","yoast_head_json":{"title":"Demande d'Audit Digital | Fabernel","description":"Demandez votre audit digital gratuit. Nous \u00e9valuons votre degr\u00e9 de maturit\u00e9 digitale et vous proposons des solutions pour vos d\u00e9fis marketing.","robots":{"index":"index","follow":"follow","max-snippet":"max-snippet:-1","max-image-preview":"max-image-preview:large","max-video-preview":"max-video-preview:-1"},"canonical":"https:\/\/www.fabernel.com\/contact\/demande-audit-digital\/","og_locale":"en_US","og_type":"article","og_title":"Demande d'Audit Digital | Fabernel","og_description":"Demandez votre audit digital gratuit. Nous \u00e9valuons votre degr\u00e9 de maturit\u00e9 digitale et vous proposons des solutions pour vos d\u00e9fis marketing.","og_url":"https:\/\/www.fabernel.com\/contact\/demande-audit-digital\/","og_site_name":"Fabernel Contact","article_modified_time":"2018-10-08T17:08:32+00:00","og_image":[{"url":"https:\/\/www.fabernel.com\/contact\/wp-content\/uploads\/sites\/2\/2018\/09\/fabernel-logo-1024x214.png","type":"","width":"","height":""}],"twitter_card":"summary_large_image","schema":{"@context":"https:\/\/schema.org","@graph":[{"@type":"WebPage","@id":"https:\/\/www.fabernel.com\/contact\/demande-audit-digital\/","url":"https:\/\/www.fabernel.com\/contact\/demande-audit-digital\/","name":"Demande d'Audit Digital | Fabernel","isPartOf":{"@id":"https:\/\/www.fabernel.com\/contact\/#website"},"primaryImageOfPage":{"@id":"https:\/\/www.fabernel.com\/contact\/demande-audit-digital\/#primaryimage"},"image":{"@id":"https:\/\/www.fabernel.com\/contact\/demande-audit-digital\/#primaryimage"},"thumbnailUrl":"https:\/\/www.fabernel.com\/contact\/wp-content\/uploads\/sites\/2\/2018\/09\/fabernel-logo-1024x214.png","datePublished":"2018-09-26T13:42:06+00:00","dateModified":"2018-10-08T17:08:32+00:00","description":"Demandez votre audit digital gratuit. Nous \u00e9valuons votre degr\u00e9 de maturit\u00e9 digitale et vous proposons des solutions pour vos d\u00e9fis marketing.","breadcrumb":{"@id":"https:\/\/www.fabernel.com\/contact\/demande-audit-digital\/#breadcrumb"},"inLanguage":"en-US","potentialAction":[{"@type":"ReadAction","target":["https:\/\/www.fabernel.com\/contact\/demande-audit-digital\/"]}]},{"@type":"ImageObject","inLanguage":"en-US","@id":"https:\/\/www.fabernel.com\/contact\/demande-audit-digital\/#primaryimage","url":"https:\/\/www.fabernel.com\/contact\/wp-content\/uploads\/sites\/2\/2018\/09\/fabernel-logo.png","contentUrl":"https:\/\/www.fabernel.com\/contact\/wp-content\/uploads\/sites\/2\/2018\/09\/fabernel-logo.png","width":3152,"height":660,"caption":"Fabernel logo"},{"@type":"BreadcrumbList","@id":"https:\/\/www.fabernel.com\/contact\/demande-audit-digital\/#breadcrumb","itemListElement":[{"@type":"ListItem","position":1,"name":"Home","item":"https:\/\/www.fabernel.com\/contact\/"},{"@type":"ListItem","position":2,"name":"Demande d&rsquo;Audit Digital"}]},{"@type":"WebSite","@id":"https:\/\/www.fabernel.com\/contact\/#website","url":"https:\/\/www.fabernel.com\/contact\/","name":"Fabernel Contact","description":"Architectes du Funnel - Sp\u00e9cialistes Marketing Digital B2B","publisher":{"@id":"https:\/\/www.fabernel.com\/contact\/#organization"},"potentialAction":[{"@type":"SearchAction","target":{"@type":"EntryPoint","urlTemplate":"https:\/\/www.fabernel.com\/contact\/?s={search_term_string}"},"query-input":{"@type":"PropertyValueSpecification","valueRequired":true,"valueName":"search_term_string"}}],"inLanguage":"en-US"},{"@type":"Organization","@id":"https:\/\/www.fabernel.com\/contact\/#organization","name":"Fabernel","url":"https:\/\/www.fabernel.com\/contact\/","logo":{"@type":"ImageObject","inLanguage":"en-US","@id":"https:\/\/www.fabernel.com\/contact\/#\/schema\/logo\/image\/","url":"https:\/\/www.fabernel.com\/contact\/wp-content\/uploads\/sites\/2\/2018\/09\/fabernel-logo.png","contentUrl":"https:\/\/www.fabernel.com\/contact\/wp-content\/uploads\/sites\/2\/2018\/09\/fabernel-logo.png","width":3152,"height":660,"caption":"Fabernel"},"image":{"@id":"https:\/\/www.fabernel.com\/contact\/#\/schema\/logo\/image\/"}}]}},"_links":{"self":[{"href":"https:\/\/www.fabernel.com\/contact\/wp-json\/wp\/v2\/pages\/1118","targetHints":{"allow":["GET"]}}],"collection":[{"href":"https:\/\/www.fabernel.com\/contact\/wp-json\/wp\/v2\/pages"}],"about":[{"href":"https:\/\/www.fabernel.com\/contact\/wp-json\/wp\/v2\/types\/page"}],"author":[{"embeddable":true,"href":"https:\/\/www.fabernel.com\/contact\/wp-json\/wp\/v2\/users\/1"}],"replies":[{"embeddable":true,"href":"https:\/\/www.fabernel.com\/contact\/wp-json\/wp\/v2\/comments?post=1118"}],"version-history":[{"count":3,"href":"https:\/\/www.fabernel.com\/contact\/wp-json\/wp\/v2\/pages\/1118\/revisions"}],"predecessor-version":[{"id":1121,"href":"https:\/\/www.fabernel.com\/contact\/wp-json\/wp\/v2\/pages\/1118\/revisions\/1121"}],"wp:attachment":[{"href":"https:\/\/www.fabernel.com\/contact\/wp-json\/wp\/v2\/media?parent=1118"}],"curies":[{"name":"wp","href":"https:\/\/api.w.org\/{rel}","templated":true}]}}