{"id":1122,"date":"2018-09-26T13:44:43","date_gmt":"2018-09-26T13:44:43","guid":{"rendered":"https:\/\/www.fabernel.com\/contact\/?page_id=1122"},"modified":"2018-10-08T17:09:27","modified_gmt":"2018-10-08T17:09:27","slug":"demande-de-rappel","status":"publish","type":"page","link":"https:\/\/www.fabernel.com\/contact\/demande-de-rappel\/","title":{"rendered":"Demande de Rappel"},"content":{"rendered":"\t\t<div data-elementor-type=\"wp-post\" data-elementor-id=\"1122\" class=\"elementor elementor-1122 elementor-bc-flex-widget\">\n\t\t\t\t\t\t<section class=\"elementor-section elementor-top-section elementor-element elementor-element-49a736e6 elementor-section-full_width elementor-section-height-min-height elementor-section-height-default elementor-section-items-middle\" data-id=\"49a736e6\" data-element_type=\"section\" data-settings=\"{&quot;background_background&quot;:&quot;classic&quot;}\">\n\t\t\t\t\t\t\t<div class=\"elementor-background-overlay\"><\/div>\n\t\t\t\t\t\t\t<div class=\"elementor-container elementor-column-gap-no\">\n\t\t\t\t\t<div class=\"elementor-column elementor-col-100 elementor-top-column elementor-element elementor-element-facd72c\" data-id=\"facd72c\" data-element_type=\"column\">\n\t\t\t<div class=\"elementor-widget-wrap elementor-element-populated\">\n\t\t\t\t\t\t<div class=\"elementor-element elementor-element-96e7654 elementor-widget elementor-widget-spacer\" data-id=\"96e7654\" data-element_type=\"widget\" data-widget_type=\"spacer.default\">\n\t\t\t\t<div class=\"elementor-widget-container\">\n\t\t\t\t\t\t\t<div class=\"elementor-spacer\">\n\t\t\t<div class=\"elementor-spacer-inner\"><\/div>\n\t\t<\/div>\n\t\t\t\t\t\t<\/div>\n\t\t\t\t<\/div>\n\t\t\t\t\t<\/div>\n\t\t<\/div>\n\t\t\t\t\t<\/div>\n\t\t<\/section>\n\t\t\t\t<section class=\"elementor-section elementor-top-section elementor-element elementor-element-36426bd2 elementor-section-height-min-height elementor-section-boxed elementor-section-height-default elementor-section-items-middle\" data-id=\"36426bd2\" data-element_type=\"section\" data-settings=\"{&quot;background_background&quot;:&quot;classic&quot;}\">\n\t\t\t\t\t\t\t<div class=\"elementor-background-overlay\"><\/div>\n\t\t\t\t\t\t\t<div class=\"elementor-container elementor-column-gap-default\">\n\t\t\t\t\t<div class=\"elementor-column elementor-col-25 elementor-top-column elementor-element elementor-element-b5cc168\" data-id=\"b5cc168\" data-element_type=\"column\">\n\t\t\t<div class=\"elementor-widget-wrap\">\n\t\t\t\t\t\t\t<\/div>\n\t\t<\/div>\n\t\t\t\t<div class=\"elementor-column elementor-col-50 elementor-top-column elementor-element elementor-element-5501cc4a\" data-id=\"5501cc4a\" data-element_type=\"column\">\n\t\t\t<div class=\"elementor-widget-wrap elementor-element-populated\">\n\t\t\t\t\t\t<div class=\"elementor-element elementor-element-2b3638ac elementor-widget elementor-widget-spacer\" data-id=\"2b3638ac\" data-element_type=\"widget\" data-widget_type=\"spacer.default\">\n\t\t\t\t<div class=\"elementor-widget-container\">\n\t\t\t\t\t\t\t<div class=\"elementor-spacer\">\n\t\t\t<div class=\"elementor-spacer-inner\"><\/div>\n\t\t<\/div>\n\t\t\t\t\t\t<\/div>\n\t\t\t\t<\/div>\n\t\t\t\t<div class=\"elementor-element elementor-element-49fd3fb0 elementor-widget elementor-widget-image\" data-id=\"49fd3fb0\" data-element_type=\"widget\" data-widget_type=\"image.default\">\n\t\t\t\t<div class=\"elementor-widget-container\">\n\t\t\t\t\t\t\t\t\t\t\t\t\t\t\t<img fetchpriority=\"high\" decoding=\"async\" width=\"3152\" height=\"660\" src=\"https:\/\/www.fabernel.com\/contact\/wp-content\/uploads\/sites\/2\/2018\/09\/fabernel-logo.png\" class=\"attachment-full size-full wp-image-1104\" alt=\"Fabernel logo\" srcset=\"https:\/\/www.fabernel.com\/contact\/wp-content\/uploads\/sites\/2\/2018\/09\/fabernel-logo.png 3152w, https:\/\/www.fabernel.com\/contact\/wp-content\/uploads\/sites\/2\/2018\/09\/fabernel-logo-300x63.png 300w, https:\/\/www.fabernel.com\/contact\/wp-content\/uploads\/sites\/2\/2018\/09\/fabernel-logo-768x161.png 768w, https:\/\/www.fabernel.com\/contact\/wp-content\/uploads\/sites\/2\/2018\/09\/fabernel-logo-1024x214.png 1024w\" sizes=\"(max-width: 3152px) 100vw, 3152px\" \/>\t\t\t\t\t\t\t\t\t\t\t\t\t\t\t<\/div>\n\t\t\t\t<\/div>\n\t\t\t\t<div class=\"elementor-element elementor-element-4c5f5114 elementor-widget elementor-widget-spacer\" data-id=\"4c5f5114\" data-element_type=\"widget\" data-widget_type=\"spacer.default\">\n\t\t\t\t<div class=\"elementor-widget-container\">\n\t\t\t\t\t\t\t<div class=\"elementor-spacer\">\n\t\t\t<div class=\"elementor-spacer-inner\"><\/div>\n\t\t<\/div>\n\t\t\t\t\t\t<\/div>\n\t\t\t\t<\/div>\n\t\t\t\t<div class=\"elementor-element elementor-element-36e4bfcb elementor-widget elementor-widget-heading\" data-id=\"36e4bfcb\" data-element_type=\"widget\" data-widget_type=\"heading.default\">\n\t\t\t\t<div class=\"elementor-widget-container\">\n\t\t\t\t\t<h2 class=\"elementor-heading-title elementor-size-default\">Nous vous recontactons<\/h2>\t\t\t\t<\/div>\n\t\t\t\t<\/div>\n\t\t\t\t<div class=\"elementor-element elementor-element-3d4afaa2 elementor-widget elementor-widget-spacer\" data-id=\"3d4afaa2\" data-element_type=\"widget\" data-widget_type=\"spacer.default\">\n\t\t\t\t<div class=\"elementor-widget-container\">\n\t\t\t\t\t\t\t<div class=\"elementor-spacer\">\n\t\t\t<div class=\"elementor-spacer-inner\"><\/div>\n\t\t<\/div>\n\t\t\t\t\t\t<\/div>\n\t\t\t\t<\/div>\n\t\t\t\t\t<\/div>\n\t\t<\/div>\n\t\t\t\t<div class=\"elementor-column elementor-col-25 elementor-top-column elementor-element elementor-element-6108296e\" data-id=\"6108296e\" data-element_type=\"column\">\n\t\t\t<div class=\"elementor-widget-wrap\">\n\t\t\t\t\t\t\t<\/div>\n\t\t<\/div>\n\t\t\t\t\t<\/div>\n\t\t<\/section>\n\t\t\t\t<section class=\"elementor-section elementor-top-section elementor-element elementor-element-371d18d3 elementor-section-boxed elementor-section-height-default elementor-section-height-default\" data-id=\"371d18d3\" data-element_type=\"section\">\n\t\t\t\t\t\t<div class=\"elementor-container elementor-column-gap-default\">\n\t\t\t\t\t<div class=\"elementor-column elementor-col-100 elementor-top-column elementor-element elementor-element-71199fc6\" data-id=\"71199fc6\" data-element_type=\"column\">\n\t\t\t<div class=\"elementor-widget-wrap elementor-element-populated\">\n\t\t\t\t\t\t<div class=\"elementor-element elementor-element-50e27650 elementor-widget elementor-widget-spacer\" data-id=\"50e27650\" data-element_type=\"widget\" data-widget_type=\"spacer.default\">\n\t\t\t\t<div class=\"elementor-widget-container\">\n\t\t\t\t\t\t\t<div class=\"elementor-spacer\">\n\t\t\t<div class=\"elementor-spacer-inner\"><\/div>\n\t\t<\/div>\n\t\t\t\t\t\t<\/div>\n\t\t\t\t<\/div>\n\t\t\t\t\t<\/div>\n\t\t<\/div>\n\t\t\t\t\t<\/div>\n\t\t<\/section>\n\t\t\t\t<section class=\"elementor-section elementor-top-section elementor-element elementor-element-7194e3d3 elementor-section-boxed elementor-section-height-default elementor-section-height-default\" data-id=\"7194e3d3\" data-element_type=\"section\">\n\t\t\t\t\t\t<div class=\"elementor-container elementor-column-gap-default\">\n\t\t\t\t\t<div class=\"elementor-column elementor-col-16 elementor-top-column elementor-element elementor-element-473e4006\" data-id=\"473e4006\" data-element_type=\"column\">\n\t\t\t<div class=\"elementor-widget-wrap\">\n\t\t\t\t\t\t\t<\/div>\n\t\t<\/div>\n\t\t\t\t<div class=\"elementor-column elementor-col-66 elementor-top-column elementor-element elementor-element-72cfff31\" data-id=\"72cfff31\" data-element_type=\"column\">\n\t\t\t<div class=\"elementor-widget-wrap elementor-element-populated\">\n\t\t\t\t\t\t<div class=\"elementor-element elementor-element-48166644 elementor-widget elementor-widget-shortcode\" data-id=\"48166644\" data-element_type=\"widget\" data-widget_type=\"shortcode.default\">\n\t\t\t\t<div class=\"elementor-widget-container\">\n\t\t\t\t\t\t\t<div class=\"elementor-shortcode\">\n<div class=\"wpcf7 no-js\" id=\"wpcf7-f984-o1\" lang=\"en-US\" dir=\"ltr\" data-wpcf7-id=\"984\">\n<div class=\"screen-reader-response\"><p role=\"status\" aria-live=\"polite\" aria-atomic=\"true\"><\/p> <ul><\/ul><\/div>\n<form action=\"\/contact\/wp-json\/wp\/v2\/pages\/1122#wpcf7-f984-o1\" method=\"post\" class=\"wpcf7-form init\" aria-label=\"Contact form\" novalidate=\"novalidate\" data-status=\"init\">\n<div style=\"display: none;\">\n<input type=\"hidden\" name=\"_wpcf7\" value=\"984\" \/>\n<input type=\"hidden\" name=\"_wpcf7_version\" value=\"6.0.3\" \/>\n<input type=\"hidden\" name=\"_wpcf7_locale\" value=\"en_US\" \/>\n<input type=\"hidden\" name=\"_wpcf7_unit_tag\" value=\"wpcf7-f984-o1\" \/>\n<input type=\"hidden\" name=\"_wpcf7_container_post\" value=\"0\" \/>\n<input type=\"hidden\" name=\"_wpcf7_posted_data_hash\" value=\"\" \/>\n<input type=\"hidden\" name=\"_wpcf7_recaptcha_response\" value=\"\" \/>\n<\/div>\n<p><label> Votre adresse email (requis)<br \/>\n<span class=\"wpcf7-form-control-wrap\" data-name=\"email\"><input size=\"40\" maxlength=\"400\" class=\"wpcf7-form-control wpcf7-email wpcf7-validates-as-required wpcf7-text wpcf7-validates-as-email\" aria-required=\"true\" aria-invalid=\"false\" value=\"\" type=\"email\" name=\"email\" \/><\/span> <\/label>\n<\/p>\n<p><label> Votre t\u00e9l\u00e9phone<br \/>\n<span class=\"wpcf7-form-control-wrap\" data-name=\"phone\"><input size=\"40\" maxlength=\"400\" class=\"wpcf7-form-control wpcf7-tel wpcf7-text wpcf7-validates-as-tel\" aria-invalid=\"false\" value=\"\" type=\"tel\" name=\"phone\" \/><\/span><br \/>\n\t<input class=\"wpcf7-form-control wpcf7-hidden\" value=\"\" type=\"hidden\" name=\"referer-page\" \/><br \/>\n\t<br \/>\n<input class=\"wpcf7-form-control wpcf7-submit has-spinner\" type=\"submit\" value=\"Envoyer\" \/><\/label>\n<\/p><div class=\"wpcf7-response-output\" aria-hidden=\"true\"><\/div>\n<\/form>\n<\/div>\n<\/div>\n\t\t\t\t\t\t<\/div>\n\t\t\t\t<\/div>\n\t\t\t\t\t<\/div>\n\t\t<\/div>\n\t\t\t\t<div class=\"elementor-column elementor-col-16 elementor-top-column elementor-element elementor-element-4626c58d\" data-id=\"4626c58d\" data-element_type=\"column\">\n\t\t\t<div class=\"elementor-widget-wrap\">\n\t\t\t\t\t\t\t<\/div>\n\t\t<\/div>\n\t\t\t\t\t<\/div>\n\t\t<\/section>\n\t\t\t\t<section class=\"elementor-section elementor-top-section elementor-element elementor-element-3f71547b elementor-section-boxed elementor-section-height-default elementor-section-height-default\" data-id=\"3f71547b\" data-element_type=\"section\">\n\t\t\t\t\t\t<div class=\"elementor-container elementor-column-gap-default\">\n\t\t\t\t\t<div class=\"elementor-column elementor-col-100 elementor-top-column elementor-element elementor-element-6ab28304\" data-id=\"6ab28304\" data-element_type=\"column\">\n\t\t\t<div class=\"elementor-widget-wrap elementor-element-populated\">\n\t\t\t\t\t\t<div class=\"elementor-element elementor-element-61c29d03 elementor-widget elementor-widget-spacer\" data-id=\"61c29d03\" data-element_type=\"widget\" data-widget_type=\"spacer.default\">\n\t\t\t\t<div class=\"elementor-widget-container\">\n\t\t\t\t\t\t\t<div class=\"elementor-spacer\">\n\t\t\t<div class=\"elementor-spacer-inner\"><\/div>\n\t\t<\/div>\n\t\t\t\t\t\t<\/div>\n\t\t\t\t<\/div>\n\t\t\t\t\t<\/div>\n\t\t<\/div>\n\t\t\t\t\t<\/div>\n\t\t<\/section>\n\t\t\t\t<\/div>\n\t\t","protected":false},"excerpt":{"rendered":"<p>Nous vous recontactons<\/p>\n","protected":false},"author":1,"featured_media":0,"parent":0,"menu_order":0,"comment_status":"closed","ping_status":"closed","template":"","meta":{"site-sidebar-layout":"no-sidebar","site-content-layout":"page-builder","ast-site-content-layout":"","site-content-style":"default","site-sidebar-style":"default","ast-global-header-display":"","ast-banner-title-visibility":"","ast-main-header-display":"","ast-hfb-above-header-display":"","ast-hfb-below-header-display":"","ast-hfb-mobile-header-display":"","site-post-title":"disabled","ast-breadcrumbs-content":"","ast-featured-img":"disabled","footer-sml-layout":"","theme-transparent-header-meta":"","adv-header-id-meta":"","stick-header-meta":"","header-above-stick-meta":"","header-main-stick-meta":"","header-below-stick-meta":"","astra-migrate-meta-layouts":"default","ast-page-background-enabled":"default","ast-page-background-meta":{"desktop":{"background-color":"var(--ast-global-color-4)","background-image":"","background-repeat":"repeat","background-position":"center center","background-size":"auto","background-attachment":"scroll","background-type":"","background-media":"","overlay-type":"","overlay-color":"","overlay-opacity":"","overlay-gradient":""},"tablet":{"background-color":"","background-image":"","background-repeat":"repeat","background-position":"center center","background-size":"auto","background-attachment":"scroll","background-type":"","background-media":"","overlay-type":"","overlay-color":"","overlay-opacity":"","overlay-gradient":""},"mobile":{"background-color":"","background-image":"","background-repeat":"repeat","background-position":"center center","background-size":"auto","background-attachment":"scroll","background-type":"","background-media":"","overlay-type":"","overlay-color":"","overlay-opacity":"","overlay-gradient":""}},"ast-content-background-meta":{"desktop":{"background-color":"var(--ast-global-color-5)","background-image":"","background-repeat":"repeat","background-position":"center center","background-size":"auto","background-attachment":"scroll","background-type":"","background-media":"","overlay-type":"","overlay-color":"","overlay-opacity":"","overlay-gradient":""},"tablet":{"background-color":"var(--ast-global-color-5)","background-image":"","background-repeat":"repeat","background-position":"center center","background-size":"auto","background-attachment":"scroll","background-type":"","background-media":"","overlay-type":"","overlay-color":"","overlay-opacity":"","overlay-gradient":""},"mobile":{"background-color":"var(--ast-global-color-5)","background-image":"","background-repeat":"repeat","background-position":"center center","background-size":"auto","background-attachment":"scroll","background-type":"","background-media":"","overlay-type":"","overlay-color":"","overlay-opacity":"","overlay-gradient":""}},"footnotes":""},"class_list":["post-1122","page","type-page","status-publish","hentry"],"yoast_head":"<!-- This site is optimized with the Yoast SEO plugin v24.3 - https:\/\/yoast.com\/wordpress\/plugins\/seo\/ -->\n<title>Demandez \u00e0 \u00eatre rappel\u00e9 | Fabernel<\/title>\n<meta name=\"description\" content=\"Nous vous rappelons au plus vite !\" \/>\n<meta name=\"robots\" content=\"index, follow, max-snippet:-1, max-image-preview:large, max-video-preview:-1\" \/>\n<link rel=\"canonical\" href=\"https:\/\/www.fabernel.com\/contact\/demande-de-rappel\/\" \/>\n<meta property=\"og:locale\" content=\"en_US\" \/>\n<meta property=\"og:type\" content=\"article\" \/>\n<meta property=\"og:title\" content=\"Demandez \u00e0 \u00eatre rappel\u00e9 | Fabernel\" \/>\n<meta property=\"og:description\" content=\"Nous vous rappelons au plus vite !\" \/>\n<meta property=\"og:url\" content=\"https:\/\/www.fabernel.com\/contact\/demande-de-rappel\/\" \/>\n<meta property=\"og:site_name\" content=\"Fabernel Contact\" \/>\n<meta property=\"article:modified_time\" content=\"2018-10-08T17:09:27+00:00\" \/>\n<meta property=\"og:image\" content=\"https:\/\/www.fabernel.com\/contact\/wp-content\/uploads\/sites\/2\/2018\/09\/fabernel-logo.png\" \/>\n<meta name=\"twitter:card\" content=\"summary_large_image\" \/>\n<script type=\"application\/ld+json\" class=\"yoast-schema-graph\">{\"@context\":\"https:\/\/schema.org\",\"@graph\":[{\"@type\":\"WebPage\",\"@id\":\"https:\/\/www.fabernel.com\/contact\/demande-de-rappel\/\",\"url\":\"https:\/\/www.fabernel.com\/contact\/demande-de-rappel\/\",\"name\":\"Demandez \u00e0 \u00eatre rappel\u00e9 | Fabernel\",\"isPartOf\":{\"@id\":\"https:\/\/www.fabernel.com\/contact\/#website\"},\"primaryImageOfPage\":{\"@id\":\"https:\/\/www.fabernel.com\/contact\/demande-de-rappel\/#primaryimage\"},\"image\":{\"@id\":\"https:\/\/www.fabernel.com\/contact\/demande-de-rappel\/#primaryimage\"},\"thumbnailUrl\":\"https:\/\/www.fabernel.com\/contact\/wp-content\/uploads\/sites\/2\/2018\/09\/fabernel-logo.png\",\"datePublished\":\"2018-09-26T13:44:43+00:00\",\"dateModified\":\"2018-10-08T17:09:27+00:00\",\"description\":\"Nous vous rappelons au plus vite !\",\"breadcrumb\":{\"@id\":\"https:\/\/www.fabernel.com\/contact\/demande-de-rappel\/#breadcrumb\"},\"inLanguage\":\"en-US\",\"potentialAction\":[{\"@type\":\"ReadAction\",\"target\":[\"https:\/\/www.fabernel.com\/contact\/demande-de-rappel\/\"]}]},{\"@type\":\"ImageObject\",\"inLanguage\":\"en-US\",\"@id\":\"https:\/\/www.fabernel.com\/contact\/demande-de-rappel\/#primaryimage\",\"url\":\"https:\/\/www.fabernel.com\/contact\/wp-content\/uploads\/sites\/2\/2018\/09\/fabernel-logo.png\",\"contentUrl\":\"https:\/\/www.fabernel.com\/contact\/wp-content\/uploads\/sites\/2\/2018\/09\/fabernel-logo.png\",\"width\":3152,\"height\":660,\"caption\":\"Fabernel logo\"},{\"@type\":\"BreadcrumbList\",\"@id\":\"https:\/\/www.fabernel.com\/contact\/demande-de-rappel\/#breadcrumb\",\"itemListElement\":[{\"@type\":\"ListItem\",\"position\":1,\"name\":\"Home\",\"item\":\"https:\/\/www.fabernel.com\/contact\/\"},{\"@type\":\"ListItem\",\"position\":2,\"name\":\"Demande de Rappel\"}]},{\"@type\":\"WebSite\",\"@id\":\"https:\/\/www.fabernel.com\/contact\/#website\",\"url\":\"https:\/\/www.fabernel.com\/contact\/\",\"name\":\"Fabernel Contact\",\"description\":\"Architectes du Funnel - Sp\u00e9cialistes Marketing Digital B2B\",\"publisher\":{\"@id\":\"https:\/\/www.fabernel.com\/contact\/#organization\"},\"potentialAction\":[{\"@type\":\"SearchAction\",\"target\":{\"@type\":\"EntryPoint\",\"urlTemplate\":\"https:\/\/www.fabernel.com\/contact\/?s={search_term_string}\"},\"query-input\":{\"@type\":\"PropertyValueSpecification\",\"valueRequired\":true,\"valueName\":\"search_term_string\"}}],\"inLanguage\":\"en-US\"},{\"@type\":\"Organization\",\"@id\":\"https:\/\/www.fabernel.com\/contact\/#organization\",\"name\":\"Fabernel\",\"url\":\"https:\/\/www.fabernel.com\/contact\/\",\"logo\":{\"@type\":\"ImageObject\",\"inLanguage\":\"en-US\",\"@id\":\"https:\/\/www.fabernel.com\/contact\/#\/schema\/logo\/image\/\",\"url\":\"https:\/\/www.fabernel.com\/contact\/wp-content\/uploads\/sites\/2\/2018\/09\/fabernel-logo.png\",\"contentUrl\":\"https:\/\/www.fabernel.com\/contact\/wp-content\/uploads\/sites\/2\/2018\/09\/fabernel-logo.png\",\"width\":3152,\"height\":660,\"caption\":\"Fabernel\"},\"image\":{\"@id\":\"https:\/\/www.fabernel.com\/contact\/#\/schema\/logo\/image\/\"}}]}<\/script>\n<!-- \/ Yoast SEO plugin. -->","yoast_head_json":{"title":"Demandez \u00e0 \u00eatre rappel\u00e9 | Fabernel","description":"Nous vous rappelons au plus vite !","robots":{"index":"index","follow":"follow","max-snippet":"max-snippet:-1","max-image-preview":"max-image-preview:large","max-video-preview":"max-video-preview:-1"},"canonical":"https:\/\/www.fabernel.com\/contact\/demande-de-rappel\/","og_locale":"en_US","og_type":"article","og_title":"Demandez \u00e0 \u00eatre rappel\u00e9 | Fabernel","og_description":"Nous vous rappelons au plus vite !","og_url":"https:\/\/www.fabernel.com\/contact\/demande-de-rappel\/","og_site_name":"Fabernel Contact","article_modified_time":"2018-10-08T17:09:27+00:00","og_image":[{"url":"https:\/\/www.fabernel.com\/contact\/wp-content\/uploads\/sites\/2\/2018\/09\/fabernel-logo.png","type":"","width":"","height":""}],"twitter_card":"summary_large_image","schema":{"@context":"https:\/\/schema.org","@graph":[{"@type":"WebPage","@id":"https:\/\/www.fabernel.com\/contact\/demande-de-rappel\/","url":"https:\/\/www.fabernel.com\/contact\/demande-de-rappel\/","name":"Demandez \u00e0 \u00eatre rappel\u00e9 | Fabernel","isPartOf":{"@id":"https:\/\/www.fabernel.com\/contact\/#website"},"primaryImageOfPage":{"@id":"https:\/\/www.fabernel.com\/contact\/demande-de-rappel\/#primaryimage"},"image":{"@id":"https:\/\/www.fabernel.com\/contact\/demande-de-rappel\/#primaryimage"},"thumbnailUrl":"https:\/\/www.fabernel.com\/contact\/wp-content\/uploads\/sites\/2\/2018\/09\/fabernel-logo.png","datePublished":"2018-09-26T13:44:43+00:00","dateModified":"2018-10-08T17:09:27+00:00","description":"Nous vous rappelons au plus vite !","breadcrumb":{"@id":"https:\/\/www.fabernel.com\/contact\/demande-de-rappel\/#breadcrumb"},"inLanguage":"en-US","potentialAction":[{"@type":"ReadAction","target":["https:\/\/www.fabernel.com\/contact\/demande-de-rappel\/"]}]},{"@type":"ImageObject","inLanguage":"en-US","@id":"https:\/\/www.fabernel.com\/contact\/demande-de-rappel\/#primaryimage","url":"https:\/\/www.fabernel.com\/contact\/wp-content\/uploads\/sites\/2\/2018\/09\/fabernel-logo.png","contentUrl":"https:\/\/www.fabernel.com\/contact\/wp-content\/uploads\/sites\/2\/2018\/09\/fabernel-logo.png","width":3152,"height":660,"caption":"Fabernel logo"},{"@type":"BreadcrumbList","@id":"https:\/\/www.fabernel.com\/contact\/demande-de-rappel\/#breadcrumb","itemListElement":[{"@type":"ListItem","position":1,"name":"Home","item":"https:\/\/www.fabernel.com\/contact\/"},{"@type":"ListItem","position":2,"name":"Demande de Rappel"}]},{"@type":"WebSite","@id":"https:\/\/www.fabernel.com\/contact\/#website","url":"https:\/\/www.fabernel.com\/contact\/","name":"Fabernel Contact","description":"Architectes du Funnel - Sp\u00e9cialistes Marketing Digital B2B","publisher":{"@id":"https:\/\/www.fabernel.com\/contact\/#organization"},"potentialAction":[{"@type":"SearchAction","target":{"@type":"EntryPoint","urlTemplate":"https:\/\/www.fabernel.com\/contact\/?s={search_term_string}"},"query-input":{"@type":"PropertyValueSpecification","valueRequired":true,"valueName":"search_term_string"}}],"inLanguage":"en-US"},{"@type":"Organization","@id":"https:\/\/www.fabernel.com\/contact\/#organization","name":"Fabernel","url":"https:\/\/www.fabernel.com\/contact\/","logo":{"@type":"ImageObject","inLanguage":"en-US","@id":"https:\/\/www.fabernel.com\/contact\/#\/schema\/logo\/image\/","url":"https:\/\/www.fabernel.com\/contact\/wp-content\/uploads\/sites\/2\/2018\/09\/fabernel-logo.png","contentUrl":"https:\/\/www.fabernel.com\/contact\/wp-content\/uploads\/sites\/2\/2018\/09\/fabernel-logo.png","width":3152,"height":660,"caption":"Fabernel"},"image":{"@id":"https:\/\/www.fabernel.com\/contact\/#\/schema\/logo\/image\/"}}]}},"_links":{"self":[{"href":"https:\/\/www.fabernel.com\/contact\/wp-json\/wp\/v2\/pages\/1122","targetHints":{"allow":["GET"]}}],"collection":[{"href":"https:\/\/www.fabernel.com\/contact\/wp-json\/wp\/v2\/pages"}],"about":[{"href":"https:\/\/www.fabernel.com\/contact\/wp-json\/wp\/v2\/types\/page"}],"author":[{"embeddable":true,"href":"https:\/\/www.fabernel.com\/contact\/wp-json\/wp\/v2\/users\/1"}],"replies":[{"embeddable":true,"href":"https:\/\/www.fabernel.com\/contact\/wp-json\/wp\/v2\/comments?post=1122"}],"version-history":[{"count":3,"href":"https:\/\/www.fabernel.com\/contact\/wp-json\/wp\/v2\/pages\/1122\/revisions"}],"predecessor-version":[{"id":1138,"href":"https:\/\/www.fabernel.com\/contact\/wp-json\/wp\/v2\/pages\/1122\/revisions\/1138"}],"wp:attachment":[{"href":"https:\/\/www.fabernel.com\/contact\/wp-json\/wp\/v2\/media?parent=1122"}],"curies":[{"name":"wp","href":"https:\/\/api.w.org\/{rel}","templated":true}]}}